{"id":5286,"date":"2021-07-23T09:57:35","date_gmt":"2021-07-23T07:57:35","guid":{"rendered":"https:\/\/deliberate.de\/blinkydings-eula\/"},"modified":"2026-05-12T16:20:02","modified_gmt":"2026-05-12T14:20:02","slug":"blinkydings-eula","status":"publish","type":"page","link":"https:\/\/deliberate.de\/en\/blinkydings-eula\/","title":{"rendered":"blinkyDings EULA"},"content":{"rendered":"<p style=\"\"><strong>Endbenutzer-Lizenzvertrag (EULA)&nbsp;<\/strong><strong>von&nbsp;<\/strong><span>blinky<\/span><strong><strong><span><span>D<\/span><\/span><span>ings<\/span><\/strong><\/strong><\/p>\n<p style=\"\">Diese Endbenutzer-Lizenzvereinbarung (&#8220;EULA&#8221;) ist eine rechtliche Vereinbarung zwischen Ihnen und DELIBERATE.<\/p>\n<p style=\"\">Diese EULA-Vereinbarung regelt den Erwerb und die Nutzung unserer <span>blinky<\/span><strong><strong><span><span>D<\/span><\/span><span>ings<\/span><\/strong><\/strong>-Software (&#8220;Software&#8221;) direkt von DELIBERATE oder indirekt \u00fcber einen von DELIBERATE autorisierten Reseller oder Distributor (ein &#8220;Reseller&#8221;).<br \/>Bitte lesen Sie diese EULA-Vereinbarung sorgf\u00e4ltig durch, bevor Sie den Installationsprozess abschlie\u00dfen und die <span>blinky<\/span><strong><strong><span><span>D<\/span><\/span><span>ings<\/span><\/strong><\/strong>-Software verwenden. Sie stellt eine Lizenz zur Nutzung der <span>blinky<\/span><strong><strong><span><span>D<\/span><\/span><span>ings<\/span><\/strong><\/strong>-Software zur Verf\u00fcgung und enth\u00e4lt Garantieinformationen und Haftungsausschl\u00fcsse.<\/p>\n<p style=\"\">Wenn Sie sich f\u00fcr eine kostenlose Testversion der <span>blinky<\/span><strong><strong><span><span>D<\/span><\/span><span>ings<\/span><\/strong><\/strong>-Software registrieren, gilt diese EULA-Vereinbarung auch f\u00fcr diese Testversion. Indem Sie auf &#8220;Akzeptieren&#8221; klicken oder die <span>blinky<\/span><strong><strong><span><span>D<\/span><\/span><span>ings<\/span><\/strong><\/strong>-Software installieren und\/oder verwenden, best\u00e4tigen Sie Ihre Zustimmung zur Software und erkl\u00e4ren sich damit einverstanden, an die Bedingungen dieser EULA-Vereinbarung gebunden zu sein.<\/p>\n<p style=\"\">Wenn Sie diese EULA-Vereinbarung im Namen eines Unternehmens oder einer anderen juristischen Person abschlie\u00dfen, erkl\u00e4ren Sie, dass Sie befugt sind, diese juristische Person und ihre verbundenen Unternehmen an diese Bestimmungen und Bedingungen zu binden. Wenn Sie nicht \u00fcber eine solche Befugnis verf\u00fcgen oder wenn Sie mit den Bestimmungen und Bedingungen dieser EULA-Vereinbarung nicht einverstanden sind, installieren oder verwenden Sie die Software nicht, und Sie d\u00fcrfen diese EULA-Vereinbarung nicht akzeptieren.<\/p>\n<p style=\"\">Diese EULA-Vereinbarung gilt nur f\u00fcr die von DELIBERATE hiermit gelieferte Software, unabh\u00e4ngig davon, ob auf andere Software verwiesen wird oder diese hier beschrieben wird. Die Bedingungen gelten auch f\u00fcr alle <span>blinky<\/span><strong><strong><span><span>D<\/span><\/span><span>ings<\/span><\/strong><\/strong>-Updates, Erg\u00e4nzungen, internetbasierten Dienste und Support-Dienste f\u00fcr die Software, es sei denn, diesen liegen bei der Lieferung andere Bedingungen bei. Wenn dies der Fall ist, gelten diese Bedingungen.<\/p>\n<p><strong>Lizenz-Erteilung<\/strong><br \/>DELIBERATE gew\u00e4hrt Ihnen hiermit eine nutzerbasierte, nicht auf andere Unternehmen \u00fcbertragbare, nicht ausschlie\u00dfliche Lizenz zur Nutzung der <span>blinky<\/span><strong><strong><span><span>D<\/span><\/span><span>ings<\/span><\/strong><\/strong>-Software auf Ihren Ger\u00e4ten in \u00dcbereinstimmung mit den Bedingungen dieser EULA-Vereinbarung.<\/p>\n<p style=\"\">Sie sind berechtigt, die <span>blinky<\/span><strong><strong><span><span>D<\/span><\/span><span>ings<\/span><\/strong><\/strong>-Software unter Ihrer Kontrolle zu laden. Sie sind daf\u00fcr verantwortlich, dass Ihr Ger\u00e4t die Mindestanforderungen der <span>blinky<\/span><strong><strong><span><span>D<\/span><\/span><span>ings<\/span><\/strong><\/strong>-Software erf\u00fcllt.<\/p>\n<p style=\"\">Es ist Ihnen nicht gestattet<br \/>\u2022 die Software ganz oder teilweise zu bearbeiten, zu ver\u00e4ndern, zu modifizieren, anzupassen, zu \u00fcbersetzen oder anderweitig zu ver\u00e4ndern, noch zu gestatten, dass die Software ganz oder teilweise mit einer anderen Software kombiniert oder in eine andere Software integriert wird, noch die Software zu dekompilieren, zu disassemblieren oder zur\u00fcckzuentwickeln oder zu versuchen, solche Dinge zu tun<br \/>\u2022 die Software zu reproduzieren, zu kopieren, zu verteilen, weiterzuverkaufen oder anderweitig f\u00fcr kommerzielle Zwecke zu nutzen<br \/>\u2022 Dritten zu erlauben, die Software im Namen oder zum Nutzen Dritter zu verwenden<br \/>\u2022 die Software in einer Weise zu verwenden, die gegen geltendes lokales, nationales oder internationales Recht verst\u00f6\u00dft<br \/>\u2022 die Software f\u00fcr jeden Zweck zu verwenden, der nach Ansicht von DELIBERATE eine Verletzung dieser EULA-Vereinbarung darstellt<\/p>\n<p><strong>Geistiges Eigentum und Eigentumsrechte<\/strong><br \/>DELIBERATE beh\u00e4lt zu jeder Zeit das Eigentum an der Software in der urspr\u00fcnglich von Ihnen heruntergeladenen Form und an allen nachfolgenden durch Sie initiierten Downloads der Software. Die Software (und das Urheberrecht und andere geistige Eigentumsrechte jeglicher Art an der Software, einschlie\u00dflich aller daran vorgenommenen \u00c4nderungen) sind und bleiben Eigentum von DELIBERATE.<\/p>\n<p style=\"\">DELIBERATE beh\u00e4lt sich das Recht vor, Dritten Lizenzen zur Nutzung der Software zu gew\u00e4hren.<\/p>\n<p><strong>Beendigung<\/strong><br \/>Diese EULA-Vereinbarung gilt ab dem Datum, an dem Sie die Software zum ersten Mal verwenden, und gilt bis zu ihrer Beendigung.<br \/>Sie wird auch sofort beendet, wenn Sie eine Bedingung dieser EULA-Vereinbarung nicht einhalten. Bei einer solchen K\u00fcndigung werden die durch diese EULA-Vereinbarung gew\u00e4hrten Lizenzen sofort beendet, und Sie stimmen zu, jeglichen Zugriff und jegliche Nutzung der Software zu unterbinden. Die Bestimmungen, die grunds\u00e4tzlich weiter bestehen und erhalten bleiben, gelten auch nach einer K\u00fcndigung dieser EULA-Vereinbarung.<\/p>\n<p><strong>Geltendes Recht<\/strong><br \/>Diese EULA-Vereinbarung und alle Streitigkeiten, die sich aus oder in Verbindung mit dieser EULA-Vereinbarung ergeben, unterliegen dem Recht der Bundesrepublik Deutschland und sind in \u00dcbereinstimmung mit diesem auszulegen.<\/p>\n<p style=\"text-align: center;\"><span>blinky<\/span><strong><strong><span><span>D<\/span><\/span><span>ings<\/span><\/strong><\/strong><em><strong><strong><span>&nbsp;<\/span><\/strong><\/strong><\/em>is a product by Deliberate GmbH &#8211; Copyright \u00a9 2026 Deliberate GmbH<\/p>\n","protected":false},"excerpt":{"rendered":"<p>Endbenutzer-Lizenzvertrag (EULA)&nbsp;von&nbsp;blinkyDings Diese Endbenutzer-Lizenzvereinbarung (&#8220;EULA&#8221;) ist eine rechtliche Vereinbarung zwischen Ihnen und DELIBERATE. Diese EULA-Vereinbarung regelt den Erwerb und die Nutzung unserer blinkyDings-Software (&#8220;Software&#8221;) direkt von DELIBERATE oder indirekt \u00fcber einen von DELIBERATE autorisierten Reseller oder Distributor (ein &#8220;Reseller&#8221;).Bitte lesen Sie diese EULA-Vereinbarung sorgf\u00e4ltig durch, bevor Sie den Installationsprozess abschlie\u00dfen und die blinkyDings-Software verwenden. Sie [&hellip;]<\/p>\n","protected":false},"author":1,"featured_media":0,"parent":0,"menu_order":0,"comment_status":"closed","ping_status":"closed","template":"","meta":{"footnotes":"","tve_updated_post":"","tve_custom_css":"","tve_user_custom_css":"","tve_globals":{},"tcb2_ready":1,"tcb_editor_enabled":1,"tve_landing_page":"tcb2-shapeshift-blank-page","_tve_header":"12101","_tve_footer":"2733"},"class_list":["post-5286","page","type-page","status-publish","hentry","post-wrapper","thrv_wrapper"],"yoast_head":"<!-- This site is optimized with the Yoast SEO Premium plugin v27.6 (Yoast SEO v27.6) - https:\/\/yoast.com\/product\/yoast-seo-premium-wordpress\/ -->\n<title>Deliberate GmbH - blinkyDings Datenschutz<\/title>\n<meta name=\"description\" content=\"Hier finden Sie blinkyDings Datenschutz-Themen, wie EULA, GDPR und Datenschutzerkl\u00e4rung.\" \/>\n<meta name=\"robots\" content=\"index, follow, max-snippet:-1, max-image-preview:large, max-video-preview:-1\" \/>\n<link rel=\"canonical\" href=\"https:\/\/deliberate.de\/en\/blinkydings-eula\/\" \/>\n<meta property=\"og:locale\" content=\"en_US\" \/>\n<meta property=\"og:type\" content=\"article\" \/>\n<meta property=\"og:title\" content=\"blinkyDings EULA\" \/>\n<meta property=\"og:description\" content=\"Hier finden Sie blinkyDings Datenschutz-Themen, wie EULA, GDPR und Datenschutzerkl\u00e4rung.\" \/>\n<meta property=\"og:url\" content=\"https:\/\/deliberate.de\/en\/blinkydings-eula\/\" \/>\n<meta property=\"og:site_name\" content=\"Deliberate GmbH\" \/>\n<meta property=\"article:publisher\" content=\"https:\/\/www.facebook.com\/DeliberateGmbH\/\" \/>\n<meta property=\"article:modified_time\" content=\"2026-05-12T14:20:02+00:00\" \/>\n<meta property=\"og:image\" content=\"https:\/\/deliberate.de\/wp-content\/uploads\/2021\/03\/facebook-image_binkyDings-Service.jpg\" \/>\n\t<meta property=\"og:image:width\" content=\"1200\" \/>\n\t<meta property=\"og:image:height\" content=\"628\" \/>\n\t<meta property=\"og:image:type\" content=\"image\/jpeg\" \/>\n<meta name=\"twitter:card\" content=\"summary_large_image\" \/>\n<meta name=\"twitter:site\" content=\"@DeliberateGmbh\" \/>\n<meta name=\"twitter:label1\" content=\"Est. reading time\" \/>\n\t<meta name=\"twitter:data1\" content=\"3 minutes\" \/>\n<script type=\"application\/ld+json\" class=\"yoast-schema-graph\">{\"@context\":\"https:\\\/\\\/schema.org\",\"@graph\":[{\"@type\":\"WebPage\",\"@id\":\"https:\\\/\\\/deliberate.de\\\/en\\\/blinkydings-eula\\\/\",\"url\":\"https:\\\/\\\/deliberate.de\\\/en\\\/blinkydings-eula\\\/\",\"name\":\"Deliberate GmbH - blinkyDings Datenschutz\",\"isPartOf\":{\"@id\":\"https:\\\/\\\/deliberate.de\\\/#website\"},\"datePublished\":\"2021-07-23T07:57:35+00:00\",\"dateModified\":\"2026-05-12T14:20:02+00:00\",\"description\":\"Hier finden Sie blinkyDings Datenschutz-Themen, wie EULA, GDPR und Datenschutzerkl\u00e4rung.\",\"breadcrumb\":{\"@id\":\"https:\\\/\\\/deliberate.de\\\/en\\\/blinkydings-eula\\\/#breadcrumb\"},\"inLanguage\":\"en-US\",\"potentialAction\":[{\"@type\":\"ReadAction\",\"target\":[\"https:\\\/\\\/deliberate.de\\\/en\\\/blinkydings-eula\\\/\"]}]},{\"@type\":\"BreadcrumbList\",\"@id\":\"https:\\\/\\\/deliberate.de\\\/en\\\/blinkydings-eula\\\/#breadcrumb\",\"itemListElement\":[{\"@type\":\"ListItem\",\"position\":1,\"name\":\"Startseite\",\"item\":\"https:\\\/\\\/deliberate.de\\\/en\\\/\"},{\"@type\":\"ListItem\",\"position\":2,\"name\":\"blinkyDings EULA\"}]},{\"@type\":\"WebSite\",\"@id\":\"https:\\\/\\\/deliberate.de\\\/#website\",\"url\":\"https:\\\/\\\/deliberate.de\\\/\",\"name\":\"Deliberate GmbH\",\"description\":\"Contact-Center Solutions\",\"publisher\":{\"@id\":\"https:\\\/\\\/deliberate.de\\\/#organization\"},\"potentialAction\":[{\"@type\":\"SearchAction\",\"target\":{\"@type\":\"EntryPoint\",\"urlTemplate\":\"https:\\\/\\\/deliberate.de\\\/?s={search_term_string}\"},\"query-input\":{\"@type\":\"PropertyValueSpecification\",\"valueRequired\":true,\"valueName\":\"search_term_string\"}}],\"inLanguage\":\"en-US\"},{\"@type\":\"Organization\",\"@id\":\"https:\\\/\\\/deliberate.de\\\/#organization\",\"name\":\"Deliberate GmbH\",\"url\":\"https:\\\/\\\/deliberate.de\\\/\",\"logo\":{\"@type\":\"ImageObject\",\"inLanguage\":\"en-US\",\"@id\":\"https:\\\/\\\/deliberate.de\\\/#\\\/schema\\\/logo\\\/image\\\/\",\"url\":\"https:\\\/\\\/deliberate.de\\\/wp-content\\\/uploads\\\/2020\\\/08\\\/Deliberate-Logo-Header_RGB_280x180_trans.png\",\"contentUrl\":\"https:\\\/\\\/deliberate.de\\\/wp-content\\\/uploads\\\/2020\\\/08\\\/Deliberate-Logo-Header_RGB_280x180_trans.png\",\"width\":280,\"height\":180,\"caption\":\"Deliberate GmbH\"},\"image\":{\"@id\":\"https:\\\/\\\/deliberate.de\\\/#\\\/schema\\\/logo\\\/image\\\/\"},\"sameAs\":[\"https:\\\/\\\/www.facebook.com\\\/DeliberateGmbH\\\/\",\"https:\\\/\\\/x.com\\\/DeliberateGmbh\",\"https:\\\/\\\/de.linkedin.com\\\/company\\\/deliberate-gmbh\",\"https:\\\/\\\/www.youtube.com\\\/channel\\\/UCe9AigBHnH-2-Jbjkmemwxg\"]}]}<\/script>\n<!-- \/ Yoast SEO Premium plugin. -->","yoast_head_json":{"title":"Deliberate GmbH - blinkyDings Datenschutz","description":"Hier finden Sie blinkyDings Datenschutz-Themen, wie EULA, GDPR und Datenschutzerkl\u00e4rung.","robots":{"index":"index","follow":"follow","max-snippet":"max-snippet:-1","max-image-preview":"max-image-preview:large","max-video-preview":"max-video-preview:-1"},"canonical":"https:\/\/deliberate.de\/en\/blinkydings-eula\/","og_locale":"en_US","og_type":"article","og_title":"blinkyDings EULA","og_description":"Hier finden Sie blinkyDings Datenschutz-Themen, wie EULA, GDPR und Datenschutzerkl\u00e4rung.","og_url":"https:\/\/deliberate.de\/en\/blinkydings-eula\/","og_site_name":"Deliberate GmbH","article_publisher":"https:\/\/www.facebook.com\/DeliberateGmbH\/","article_modified_time":"2026-05-12T14:20:02+00:00","og_image":[{"width":1200,"height":628,"url":"https:\/\/deliberate.de\/wp-content\/uploads\/2021\/03\/facebook-image_binkyDings-Service.jpg","type":"image\/jpeg"}],"twitter_card":"summary_large_image","twitter_site":"@DeliberateGmbh","twitter_misc":{"Est. reading time":"3 minutes"},"schema":{"@context":"https:\/\/schema.org","@graph":[{"@type":"WebPage","@id":"https:\/\/deliberate.de\/en\/blinkydings-eula\/","url":"https:\/\/deliberate.de\/en\/blinkydings-eula\/","name":"Deliberate GmbH - blinkyDings Datenschutz","isPartOf":{"@id":"https:\/\/deliberate.de\/#website"},"datePublished":"2021-07-23T07:57:35+00:00","dateModified":"2026-05-12T14:20:02+00:00","description":"Hier finden Sie blinkyDings Datenschutz-Themen, wie EULA, GDPR und Datenschutzerkl\u00e4rung.","breadcrumb":{"@id":"https:\/\/deliberate.de\/en\/blinkydings-eula\/#breadcrumb"},"inLanguage":"en-US","potentialAction":[{"@type":"ReadAction","target":["https:\/\/deliberate.de\/en\/blinkydings-eula\/"]}]},{"@type":"BreadcrumbList","@id":"https:\/\/deliberate.de\/en\/blinkydings-eula\/#breadcrumb","itemListElement":[{"@type":"ListItem","position":1,"name":"Startseite","item":"https:\/\/deliberate.de\/en\/"},{"@type":"ListItem","position":2,"name":"blinkyDings EULA"}]},{"@type":"WebSite","@id":"https:\/\/deliberate.de\/#website","url":"https:\/\/deliberate.de\/","name":"Deliberate GmbH","description":"Contact-Center Solutions","publisher":{"@id":"https:\/\/deliberate.de\/#organization"},"potentialAction":[{"@type":"SearchAction","target":{"@type":"EntryPoint","urlTemplate":"https:\/\/deliberate.de\/?s={search_term_string}"},"query-input":{"@type":"PropertyValueSpecification","valueRequired":true,"valueName":"search_term_string"}}],"inLanguage":"en-US"},{"@type":"Organization","@id":"https:\/\/deliberate.de\/#organization","name":"Deliberate GmbH","url":"https:\/\/deliberate.de\/","logo":{"@type":"ImageObject","inLanguage":"en-US","@id":"https:\/\/deliberate.de\/#\/schema\/logo\/image\/","url":"https:\/\/deliberate.de\/wp-content\/uploads\/2020\/08\/Deliberate-Logo-Header_RGB_280x180_trans.png","contentUrl":"https:\/\/deliberate.de\/wp-content\/uploads\/2020\/08\/Deliberate-Logo-Header_RGB_280x180_trans.png","width":280,"height":180,"caption":"Deliberate GmbH"},"image":{"@id":"https:\/\/deliberate.de\/#\/schema\/logo\/image\/"},"sameAs":["https:\/\/www.facebook.com\/DeliberateGmbH\/","https:\/\/x.com\/DeliberateGmbh","https:\/\/de.linkedin.com\/company\/deliberate-gmbh","https:\/\/www.youtube.com\/channel\/UCe9AigBHnH-2-Jbjkmemwxg"]}]}},"_links":{"self":[{"href":"https:\/\/deliberate.de\/en\/wp-json\/wp\/v2\/pages\/5286","targetHints":{"allow":["GET"]}}],"collection":[{"href":"https:\/\/deliberate.de\/en\/wp-json\/wp\/v2\/pages"}],"about":[{"href":"https:\/\/deliberate.de\/en\/wp-json\/wp\/v2\/types\/page"}],"author":[{"embeddable":true,"href":"https:\/\/deliberate.de\/en\/wp-json\/wp\/v2\/users\/1"}],"replies":[{"embeddable":true,"href":"https:\/\/deliberate.de\/en\/wp-json\/wp\/v2\/comments?post=5286"}],"version-history":[{"count":31,"href":"https:\/\/deliberate.de\/en\/wp-json\/wp\/v2\/pages\/5286\/revisions"}],"predecessor-version":[{"id":12618,"href":"https:\/\/deliberate.de\/en\/wp-json\/wp\/v2\/pages\/5286\/revisions\/12618"}],"wp:attachment":[{"href":"https:\/\/deliberate.de\/en\/wp-json\/wp\/v2\/media?parent=5286"}],"curies":[{"name":"wp","href":"https:\/\/api.w.org\/{rel}","templated":true}]}}