{"id":4565,"date":"2021-04-01T01:16:11","date_gmt":"2021-03-31T23:16:11","guid":{"rendered":"https:\/\/deliberate.de\/?page_id=4565"},"modified":"2021-04-06T15:10:58","modified_gmt":"2021-04-06T13:10:58","slug":"genesys-cloud-tour","status":"publish","type":"page","link":"https:\/\/deliberate.de\/en\/genesys-cloud-tour\/","title":{"rendered":"Genesys Cloud Tour"},"content":{"rendered":"<p style=\"\"><strong><span style=\"font-size: 24px; color: var(--tcb-color-1);\">Erfahren Sie aus erster Hand, was die Genesys Cloud-Plattform&nbsp;<\/span><\/strong><strong><span style=\"font-size: 24px; color: var(--tcb-color-1);\">zur&nbsp;<\/span><\/strong><strong><span style=\"font-size: 24px; color: var(--tcb-color-1);\">f\u00fchrenden<\/span><\/strong><strong><span style=\"font-size: 24px; color: var(--tcb-color-1);\">Cloud-L\u00f6sungen f\u00fcr Contact Center macht.<\/span><\/strong><strong>Hier k\u00f6nnen Sie die Genesys Cloud-Oberfl\u00e4che aus drei verschiedenen Blickwinkeln entdecken:<\/strong><\/p>\n<p tve-u-17888e379b7\"=\"\" style=\"\" \"=\"\">Agent<\/p>\n<p tve-u-17888e379b7\"=\"\" style=\"\" \"=\"\">Supervisor<\/p>\n<p tve-u-17888e379b7\"=\"\" style=\"\" \"=\"\">Administrator<\/p>\n<p>Schl\u00fcpfen Sie in eine oder alle drei Rollenund werfen Sie einen Blick auf die wichtigen Funktionen.<\/p>\n<p><span><img decoding=\"async\" alt=\"Genesys Cloud Tour\" data-id=\"4578\" width=\"284\" data-init-width=\"1168\" height=\"229\" data-init-height=\"940\" title=\"cloudtour\" loading=\"lazy\" src=\"https:\/\/deliberate.de\/wp-content\/uploads\/2021\/03\/cloudtour.png\" data-width=\"284\" data-height=\"229\" style=\"\"><\/span><\/p>\n","protected":false},"excerpt":{"rendered":"<p>Erfahren Sie aus erster Hand, was die Genesys Cloud-Plattform&nbsp;zur&nbsp;f\u00fchrendenCloud-L\u00f6sungen f\u00fcr Contact Center macht.Hier k\u00f6nnen Sie die Genesys Cloud-Oberfl\u00e4che aus drei verschiedenen Blickwinkeln entdecken: Agent Supervisor Administrator Schl\u00fcpfen Sie in eine oder alle drei Rollenund werfen Sie einen Blick auf die wichtigen Funktionen.<\/p>\n","protected":false},"author":1,"featured_media":4587,"parent":0,"menu_order":0,"comment_status":"closed","ping_status":"closed","template":"","meta":{"footnotes":""},"class_list":["post-4565","page","type-page","status-publish","has-post-thumbnail","hentry","post-wrapper","thrv_wrapper"],"yoast_head":"<!-- This site is optimized with the Yoast SEO Premium plugin v27.5 (Yoast SEO v27.5) - https:\/\/yoast.com\/product\/yoast-seo-premium-wordpress\/ -->\n<title>Deliberate GmbH - interaktive Genesys Cloud Tour<\/title>\n<meta name=\"description\" content=\"Jetzt gleich die Interaktive Genesys Cloud Tour starten und die Genesys Cloud-Oberfl\u00e4che aus drei verschiedenen Blickwinkeln entdecken.\" \/>\n<meta name=\"robots\" content=\"index, follow, max-snippet:-1, max-image-preview:large, max-video-preview:-1\" \/>\n<link rel=\"canonical\" href=\"https:\/\/deliberate.de\/en\/genesys-cloud-tour\/\" \/>\n<meta property=\"og:locale\" content=\"en_US\" \/>\n<meta property=\"og:type\" content=\"article\" \/>\n<meta property=\"og:title\" content=\"Genesys Cloud Tour\" \/>\n<meta property=\"og:description\" content=\"Jetzt gleich die Interaktive Genesys Cloud Tour starten und die Genesys Cloud-Oberfl\u00e4che aus drei verschiedenen Blickwinkeln entdecken.\" \/>\n<meta property=\"og:url\" content=\"https:\/\/deliberate.de\/en\/genesys-cloud-tour\/\" \/>\n<meta property=\"og:site_name\" content=\"Deliberate GmbH\" \/>\n<meta property=\"article:publisher\" content=\"https:\/\/www.facebook.com\/DeliberateGmbH\/\" \/>\n<meta property=\"article:modified_time\" content=\"2021-04-06T13:10:58+00:00\" \/>\n<meta property=\"og:image\" content=\"https:\/\/deliberate.de\/wp-content\/uploads\/2021\/04\/GenesysCloud-Tour_beitragsbild.png\" \/>\n\t<meta property=\"og:image:width\" content=\"1200\" \/>\n\t<meta property=\"og:image:height\" content=\"628\" \/>\n\t<meta property=\"og:image:type\" content=\"image\/png\" \/>\n<meta name=\"twitter:card\" content=\"summary_large_image\" \/>\n<meta name=\"twitter:site\" content=\"@DeliberateGmbh\" \/>\n<meta name=\"twitter:label1\" content=\"Est. reading time\" \/>\n\t<meta name=\"twitter:data1\" content=\"1 minute\" \/>\n<script type=\"application\/ld+json\" class=\"yoast-schema-graph\">{\"@context\":\"https:\\\/\\\/schema.org\",\"@graph\":[{\"@type\":\"WebPage\",\"@id\":\"https:\\\/\\\/deliberate.de\\\/en\\\/genesys-cloud-tour\\\/\",\"url\":\"https:\\\/\\\/deliberate.de\\\/en\\\/genesys-cloud-tour\\\/\",\"name\":\"Deliberate GmbH - interaktive Genesys Cloud Tour\",\"isPartOf\":{\"@id\":\"https:\\\/\\\/deliberate.de\\\/#website\"},\"primaryImageOfPage\":{\"@id\":\"https:\\\/\\\/deliberate.de\\\/en\\\/genesys-cloud-tour\\\/#primaryimage\"},\"image\":{\"@id\":\"https:\\\/\\\/deliberate.de\\\/en\\\/genesys-cloud-tour\\\/#primaryimage\"},\"thumbnailUrl\":\"https:\\\/\\\/deliberate.de\\\/wp-content\\\/uploads\\\/2021\\\/04\\\/GenesysCloud-Tour_beitragsbild.png\",\"datePublished\":\"2021-03-31T23:16:11+00:00\",\"dateModified\":\"2021-04-06T13:10:58+00:00\",\"description\":\"Jetzt gleich die Interaktive Genesys Cloud Tour starten und die Genesys Cloud-Oberfl\u00e4che aus drei verschiedenen Blickwinkeln entdecken.\",\"breadcrumb\":{\"@id\":\"https:\\\/\\\/deliberate.de\\\/en\\\/genesys-cloud-tour\\\/#breadcrumb\"},\"inLanguage\":\"en-US\",\"potentialAction\":[{\"@type\":\"ReadAction\",\"target\":[\"https:\\\/\\\/deliberate.de\\\/en\\\/genesys-cloud-tour\\\/\"]}]},{\"@type\":\"ImageObject\",\"inLanguage\":\"en-US\",\"@id\":\"https:\\\/\\\/deliberate.de\\\/en\\\/genesys-cloud-tour\\\/#primaryimage\",\"url\":\"https:\\\/\\\/deliberate.de\\\/wp-content\\\/uploads\\\/2021\\\/04\\\/GenesysCloud-Tour_beitragsbild.png\",\"contentUrl\":\"https:\\\/\\\/deliberate.de\\\/wp-content\\\/uploads\\\/2021\\\/04\\\/GenesysCloud-Tour_beitragsbild.png\",\"width\":1200,\"height\":628,\"caption\":\"Genesys Cloud Tour\"},{\"@type\":\"BreadcrumbList\",\"@id\":\"https:\\\/\\\/deliberate.de\\\/en\\\/genesys-cloud-tour\\\/#breadcrumb\",\"itemListElement\":[{\"@type\":\"ListItem\",\"position\":1,\"name\":\"Startseite\",\"item\":\"https:\\\/\\\/deliberate.de\\\/en\\\/\"},{\"@type\":\"ListItem\",\"position\":2,\"name\":\"Genesys Cloud Tour\"}]},{\"@type\":\"WebSite\",\"@id\":\"https:\\\/\\\/deliberate.de\\\/#website\",\"url\":\"https:\\\/\\\/deliberate.de\\\/\",\"name\":\"Deliberate GmbH\",\"description\":\"Contact-Center Solutions\",\"publisher\":{\"@id\":\"https:\\\/\\\/deliberate.de\\\/#organization\"},\"potentialAction\":[{\"@type\":\"SearchAction\",\"target\":{\"@type\":\"EntryPoint\",\"urlTemplate\":\"https:\\\/\\\/deliberate.de\\\/?s={search_term_string}\"},\"query-input\":{\"@type\":\"PropertyValueSpecification\",\"valueRequired\":true,\"valueName\":\"search_term_string\"}}],\"inLanguage\":\"en-US\"},{\"@type\":\"Organization\",\"@id\":\"https:\\\/\\\/deliberate.de\\\/#organization\",\"name\":\"Deliberate GmbH\",\"url\":\"https:\\\/\\\/deliberate.de\\\/\",\"logo\":{\"@type\":\"ImageObject\",\"inLanguage\":\"en-US\",\"@id\":\"https:\\\/\\\/deliberate.de\\\/#\\\/schema\\\/logo\\\/image\\\/\",\"url\":\"https:\\\/\\\/deliberate.de\\\/wp-content\\\/uploads\\\/2020\\\/08\\\/Deliberate-Logo-Header_RGB_280x180_trans.png\",\"contentUrl\":\"https:\\\/\\\/deliberate.de\\\/wp-content\\\/uploads\\\/2020\\\/08\\\/Deliberate-Logo-Header_RGB_280x180_trans.png\",\"width\":280,\"height\":180,\"caption\":\"Deliberate GmbH\"},\"image\":{\"@id\":\"https:\\\/\\\/deliberate.de\\\/#\\\/schema\\\/logo\\\/image\\\/\"},\"sameAs\":[\"https:\\\/\\\/www.facebook.com\\\/DeliberateGmbH\\\/\",\"https:\\\/\\\/x.com\\\/DeliberateGmbh\",\"https:\\\/\\\/de.linkedin.com\\\/company\\\/deliberate-gmbh\",\"https:\\\/\\\/www.youtube.com\\\/channel\\\/UCe9AigBHnH-2-Jbjkmemwxg\"]}]}<\/script>\n<!-- \/ Yoast SEO Premium plugin. -->","yoast_head_json":{"title":"Deliberate GmbH - interaktive Genesys Cloud Tour","description":"Jetzt gleich die Interaktive Genesys Cloud Tour starten und die Genesys Cloud-Oberfl\u00e4che aus drei verschiedenen Blickwinkeln entdecken.","robots":{"index":"index","follow":"follow","max-snippet":"max-snippet:-1","max-image-preview":"max-image-preview:large","max-video-preview":"max-video-preview:-1"},"canonical":"https:\/\/deliberate.de\/en\/genesys-cloud-tour\/","og_locale":"en_US","og_type":"article","og_title":"Genesys Cloud Tour","og_description":"Jetzt gleich die Interaktive Genesys Cloud Tour starten und die Genesys Cloud-Oberfl\u00e4che aus drei verschiedenen Blickwinkeln entdecken.","og_url":"https:\/\/deliberate.de\/en\/genesys-cloud-tour\/","og_site_name":"Deliberate GmbH","article_publisher":"https:\/\/www.facebook.com\/DeliberateGmbH\/","article_modified_time":"2021-04-06T13:10:58+00:00","og_image":[{"width":1200,"height":628,"url":"https:\/\/deliberate.de\/wp-content\/uploads\/2021\/04\/GenesysCloud-Tour_beitragsbild.png","type":"image\/png"}],"twitter_card":"summary_large_image","twitter_site":"@DeliberateGmbh","twitter_misc":{"Est. reading time":"1 minute"},"schema":{"@context":"https:\/\/schema.org","@graph":[{"@type":"WebPage","@id":"https:\/\/deliberate.de\/en\/genesys-cloud-tour\/","url":"https:\/\/deliberate.de\/en\/genesys-cloud-tour\/","name":"Deliberate GmbH - interaktive Genesys Cloud Tour","isPartOf":{"@id":"https:\/\/deliberate.de\/#website"},"primaryImageOfPage":{"@id":"https:\/\/deliberate.de\/en\/genesys-cloud-tour\/#primaryimage"},"image":{"@id":"https:\/\/deliberate.de\/en\/genesys-cloud-tour\/#primaryimage"},"thumbnailUrl":"https:\/\/deliberate.de\/wp-content\/uploads\/2021\/04\/GenesysCloud-Tour_beitragsbild.png","datePublished":"2021-03-31T23:16:11+00:00","dateModified":"2021-04-06T13:10:58+00:00","description":"Jetzt gleich die Interaktive Genesys Cloud Tour starten und die Genesys Cloud-Oberfl\u00e4che aus drei verschiedenen Blickwinkeln entdecken.","breadcrumb":{"@id":"https:\/\/deliberate.de\/en\/genesys-cloud-tour\/#breadcrumb"},"inLanguage":"en-US","potentialAction":[{"@type":"ReadAction","target":["https:\/\/deliberate.de\/en\/genesys-cloud-tour\/"]}]},{"@type":"ImageObject","inLanguage":"en-US","@id":"https:\/\/deliberate.de\/en\/genesys-cloud-tour\/#primaryimage","url":"https:\/\/deliberate.de\/wp-content\/uploads\/2021\/04\/GenesysCloud-Tour_beitragsbild.png","contentUrl":"https:\/\/deliberate.de\/wp-content\/uploads\/2021\/04\/GenesysCloud-Tour_beitragsbild.png","width":1200,"height":628,"caption":"Genesys Cloud Tour"},{"@type":"BreadcrumbList","@id":"https:\/\/deliberate.de\/en\/genesys-cloud-tour\/#breadcrumb","itemListElement":[{"@type":"ListItem","position":1,"name":"Startseite","item":"https:\/\/deliberate.de\/en\/"},{"@type":"ListItem","position":2,"name":"Genesys Cloud Tour"}]},{"@type":"WebSite","@id":"https:\/\/deliberate.de\/#website","url":"https:\/\/deliberate.de\/","name":"Deliberate GmbH","description":"Contact-Center Solutions","publisher":{"@id":"https:\/\/deliberate.de\/#organization"},"potentialAction":[{"@type":"SearchAction","target":{"@type":"EntryPoint","urlTemplate":"https:\/\/deliberate.de\/?s={search_term_string}"},"query-input":{"@type":"PropertyValueSpecification","valueRequired":true,"valueName":"search_term_string"}}],"inLanguage":"en-US"},{"@type":"Organization","@id":"https:\/\/deliberate.de\/#organization","name":"Deliberate GmbH","url":"https:\/\/deliberate.de\/","logo":{"@type":"ImageObject","inLanguage":"en-US","@id":"https:\/\/deliberate.de\/#\/schema\/logo\/image\/","url":"https:\/\/deliberate.de\/wp-content\/uploads\/2020\/08\/Deliberate-Logo-Header_RGB_280x180_trans.png","contentUrl":"https:\/\/deliberate.de\/wp-content\/uploads\/2020\/08\/Deliberate-Logo-Header_RGB_280x180_trans.png","width":280,"height":180,"caption":"Deliberate GmbH"},"image":{"@id":"https:\/\/deliberate.de\/#\/schema\/logo\/image\/"},"sameAs":["https:\/\/www.facebook.com\/DeliberateGmbH\/","https:\/\/x.com\/DeliberateGmbh","https:\/\/de.linkedin.com\/company\/deliberate-gmbh","https:\/\/www.youtube.com\/channel\/UCe9AigBHnH-2-Jbjkmemwxg"]}]}},"_links":{"self":[{"href":"https:\/\/deliberate.de\/en\/wp-json\/wp\/v2\/pages\/4565","targetHints":{"allow":["GET"]}}],"collection":[{"href":"https:\/\/deliberate.de\/en\/wp-json\/wp\/v2\/pages"}],"about":[{"href":"https:\/\/deliberate.de\/en\/wp-json\/wp\/v2\/types\/page"}],"author":[{"embeddable":true,"href":"https:\/\/deliberate.de\/en\/wp-json\/wp\/v2\/users\/1"}],"replies":[{"embeddable":true,"href":"https:\/\/deliberate.de\/en\/wp-json\/wp\/v2\/comments?post=4565"}],"version-history":[{"count":5,"href":"https:\/\/deliberate.de\/en\/wp-json\/wp\/v2\/pages\/4565\/revisions"}],"predecessor-version":[{"id":4585,"href":"https:\/\/deliberate.de\/en\/wp-json\/wp\/v2\/pages\/4565\/revisions\/4585"}],"wp:featuredmedia":[{"embeddable":true,"href":"https:\/\/deliberate.de\/en\/wp-json\/wp\/v2\/media\/4587"}],"wp:attachment":[{"href":"https:\/\/deliberate.de\/en\/wp-json\/wp\/v2\/media?parent=4565"}],"curies":[{"name":"wp","href":"https:\/\/api.w.org\/{rel}","templated":true}]}}